{"id":2197,"date":"2025-01-08T11:58:12","date_gmt":"2025-01-08T10:58:12","guid":{"rendered":"https:\/\/www.parkirajse.com\/product\/677e5a44e8382\/"},"modified":"2025-01-25T16:13:16","modified_gmt":"2025-01-25T15:13:16","slug":"677e6f8f054c6","status":"publish","type":"product","link":"https:\/\/www.parkirajse.com\/en\/product\/677e6f8f054c6\/","title":{"rendered":"Bra\u0107e Kova\u010d 64, Vra\u010dar, Beograd"},"content":{"rendered":"<p>[bookly-form category_id=&#8220;-1&#8243; service_id=&#8220;1&#8243; staff_member_id=&#8220;1&#8243;]<\/p>\n","protected":false},"excerpt":{"rendered":"<p>[bookly-form category_id=&#8220;-1&#8243; service_id=&#8220;1&#8243; staff_member_id=&#8220;1&#8243;]<\/p>\n","protected":false},"featured_media":699,"comment_status":"open","ping_status":"closed","template":"","meta":[],"product_brand":[],"product_cat":[45],"product_tag":[],"class_list":{"0":"post-2197","1":"product","2":"type-product","3":"status-publish","4":"has-post-thumbnail","6":"product_cat-beograd-centar","8":"first","9":"instock","10":"virtual","11":"sold-individually","12":"purchasable","13":"product-type-simple"},"aioseo_notices":[],"_links":{"self":[{"href":"https:\/\/www.parkirajse.com\/en\/wp-json\/wp\/v2\/product\/2197","targetHints":{"allow":["GET"]}}],"collection":[{"href":"https:\/\/www.parkirajse.com\/en\/wp-json\/wp\/v2\/product"}],"about":[{"href":"https:\/\/www.parkirajse.com\/en\/wp-json\/wp\/v2\/types\/product"}],"replies":[{"embeddable":true,"href":"https:\/\/www.parkirajse.com\/en\/wp-json\/wp\/v2\/comments?post=2197"}],"wp:featuredmedia":[{"embeddable":true,"href":"https:\/\/www.parkirajse.com\/en\/wp-json\/wp\/v2\/media\/699"}],"wp:attachment":[{"href":"https:\/\/www.parkirajse.com\/en\/wp-json\/wp\/v2\/media?parent=2197"}],"wp:term":[{"taxonomy":"product_brand","embeddable":true,"href":"https:\/\/www.parkirajse.com\/en\/wp-json\/wp\/v2\/product_brand?post=2197"},{"taxonomy":"product_cat","embeddable":true,"href":"https:\/\/www.parkirajse.com\/en\/wp-json\/wp\/v2\/product_cat?post=2197"},{"taxonomy":"product_tag","embeddable":true,"href":"https:\/\/www.parkirajse.com\/en\/wp-json\/wp\/v2\/product_tag?post=2197"}],"curies":[{"name":"wp","href":"https:\/\/api.w.org\/{rel}","templated":true}]}}