{"id":3,"date":"2024-09-10T10:41:14","date_gmt":"2024-09-10T10:41:14","guid":{"rendered":"https:\/\/www.parkirajse.com\/?page_id=3"},"modified":"2024-12-10T20:46:16","modified_gmt":"2024-12-10T19:46:16","slug":"politika-privatnosti","status":"publish","type":"page","link":"https:\/\/www.parkirajse.com\/en\/politika-privatnosti\/","title":{"rendered":"Privacy Policy"},"content":{"rendered":"<div data-elementor-type=\"wp-page\" data-elementor-id=\"3\" class=\"elementor elementor-3\">\n\t\t\t\t<div class=\"elementor-element elementor-element-36fc8a24 e-flex e-con-boxed e-con e-parent\" data-id=\"36fc8a24\" data-element_type=\"container\" data-e-type=\"container\">\n\t\t\t\t\t<div class=\"e-con-inner\">\n\t\t\t\t<div class=\"elementor-element elementor-element-5a3919f6 elementor-widget elementor-widget-text-editor\" data-id=\"5a3919f6\" data-element_type=\"widget\" data-e-type=\"widget\" data-widget_type=\"text-editor.default\">\n\t\t\t\t<div class=\"elementor-widget-container\">\n\t\t\t\t\t\t\t\t\t<h3>Who are we?<\/h3><p><br \/>Our website address is: \nhttps:\/\/www.parkirajse.com\/<\/p><h3>What personal data we collect and why we collect it?<\/h3><p><br \/><strong>Comments<\/strong><\/p><p>When visitors leave comments on a website, we collect the information displayed in the comment form as well as the IP address of the visitor and the low user agent of his web browser to help detect the junk.<\/p><p><strong>The content<\/strong><\/p><p>If you upload images to a website, you should avoid uploading images with nested location data (EXIF GPS). Website visitors can download and retrieve location data from images on the website.<\/p><h3>Forms<\/h3><p><br \/><strong>Cookies<\/strong><\/p><p>If you leave a comment on our website, you can opt out of recording your name, email address and website in cookies. They are for your convenience so you don't have to re-fill your details when you leave another comment. These cookies last for a year.\nIf you visit our login page, we will set a temporary cookie to determine if your web browser accepts cookies. This cookie does not contain personal information and is rejected after you close your web browser.\n\nWhen you sign in, we will also set a few cookies to store your login information and your screen display choices. Login cookies last for two days, and screen feature cookies last for one year. If you select \"Remember me\", your application will take two weeks. If you log out of your account, your login cookies will be removed.\nWhen you edit or publish an article, an additional cookie will be saved in your web browser. This cookie does not include personal information and only specifies the ID of the article you are editing. It expires after one day.<\/p><p><strong>Nested content from other websites<\/strong><\/p><p>Articles on this website may contain nested content (e.g. videos, images, articles, etc.). Nested content from other websites behaves in exactly the same way as if your visitor had visited another website.\nThese websites may collect information about you, use cookies, nest additional third-party tracking, and monitor your interaction with that nested content, including tracking your interaction with nested content if you have an account and are logged in to that website.<\/p><p><strong>How long we keep your data<\/strong><\/p><p>If you leave a comment, that comment and its metadata are stored indefinitely. This is to recognize and automatically approve any subsequent comments instead of keeping them in line for review.\nFor users who register on our websites (if any), we also store the personal information they submit in their user profile. All users can view, edit or delete their personal data at any time (except that they cannot change their username). Website managers can also view and edit this information.<\/p><p><strong>What rights do you have in relation to your data<\/strong><\/p><p>If you have an account on this website, or have left comments, you may request that we receive a file with the exported personal information we hold about you including any information you have provided to us. You may also request that we delete any personal information we hold about you. This does not include any information that we are required to hold for administrative, legal or security reasons.<\/p><p><strong>Where we send your data<\/strong><\/p><p>Visitor comments can be checked through the automatic spam recognition service. \nIf you have any questions or comments regarding this Privacy Policy and our privacy practices, please contact us at <a href=\"https:\/\/www.parkirajse.com\/en\/kontakt\/\">HERE<\/a><\/p>\t\t\t\t\t\t\t\t<\/div>\n\t\t\t\t<\/div>\n\t\t\t\t\t<\/div>\n\t\t\t\t<\/div>\n\t\t\t\t<\/div>","protected":false},"excerpt":{"rendered":"<p>Ko smo mi Na\u0161a adresa veb mesta je: https:\/\/www.parkirajse.com\/ Koje li\u010dne podatke skupljamo i za\u0161to ih skupljamo \u041aomentari \u041aada posetioci ostave komentare na veb mestu, skupljamo podatke prikazane u obrascu za komentare kao i IP adresu posetioca i svojstvo user agent njegovog pregleda\u010da veba za pomo\u0107 u otkrivanju nepo\u017eeljnog sadr\u017eaja Sadr\u017eaj Ukoliko otpremate slike na<br \/><a class=\"moretag\" href=\"https:\/\/www.parkirajse.com\/en\/politika-privatnosti\/\">+ Read More<\/a><\/p>","protected":false},"author":1,"featured_media":0,"parent":0,"menu_order":0,"comment_status":"closed","ping_status":"closed","template":"templates\/page-builder.php","meta":{"footnotes":""},"class_list":["post-3","page","type-page","status-publish","hentry"],"aioseo_notices":[],"_links":{"self":[{"href":"https:\/\/www.parkirajse.com\/en\/wp-json\/wp\/v2\/pages\/3","targetHints":{"allow":["GET"]}}],"collection":[{"href":"https:\/\/www.parkirajse.com\/en\/wp-json\/wp\/v2\/pages"}],"about":[{"href":"https:\/\/www.parkirajse.com\/en\/wp-json\/wp\/v2\/types\/page"}],"author":[{"embeddable":true,"href":"https:\/\/www.parkirajse.com\/en\/wp-json\/wp\/v2\/users\/1"}],"replies":[{"embeddable":true,"href":"https:\/\/www.parkirajse.com\/en\/wp-json\/wp\/v2\/comments?post=3"}],"version-history":[{"count":10,"href":"https:\/\/www.parkirajse.com\/en\/wp-json\/wp\/v2\/pages\/3\/revisions"}],"predecessor-version":[{"id":1094,"href":"https:\/\/www.parkirajse.com\/en\/wp-json\/wp\/v2\/pages\/3\/revisions\/1094"}],"wp:attachment":[{"href":"https:\/\/www.parkirajse.com\/en\/wp-json\/wp\/v2\/media?parent=3"}],"curies":[{"name":"wp","href":"https:\/\/api.w.org\/{rel}","templated":true}]}}